{"id":970,"date":"2019-01-12T06:33:37","date_gmt":"2019-01-12T06:33:37","guid":{"rendered":"http:\/\/192.168.1.209\/purus\/?page_id=970"},"modified":"2025-03-06T10:07:12","modified_gmt":"2025-03-06T15:07:12","slug":"home-shop-2","status":"publish","type":"page","link":"https:\/\/www.emapadaule.gob.ec\/web\/","title":{"rendered":"Inicio"},"content":{"rendered":"[vc_row full_width=&#8221;stretch_row_content_no_spaces&#8221; el_class=&#8221;fix-bottom-space&#8221;][vc_column]\n            <div \n                class=\"elfsight-widget-facebook-chat elfsight-widget\" \n                data-elfsight-facebook-chat-options=\"%7B%22userAccessToken%22%3A%22EAADQZAoJZBZBH0BAFVNGCl0q8ZC2MchZACAA67gSAbhYRiiFg7IOWK6LRiYpDjwqVoTfDKvZAiAbBskoe9kGAY3TmwI0EUDfqVyJtS6OmDhaVCcCdS8qGzipoK8oEGZAPKKLsw7ug2rZCSoqVZBDzJKhiLUkjaQNyTCYaZBONfxdizZAwZDZD%22%2C%22page%22%3A%7B%22name%22%3A%22Emapa%20Daule%22%2C%22value%22%3A%22664599973740072%22%2C%22link%22%3A%22https%3A%5C%2F%5C%2Fwww.facebook.com%5C%2FEmapaEPDaule%5C%2F%22%2C%22picture%22%3A%7B%22data%22%3A%7B%22height%22%3A50%2C%22is_silhouette%22%3Afalse%2C%22url%22%3A%22https%3A%5C%2F%5C%2Fscontent.xx.fbcdn.net%5C%2Fv%5C%2Ft1.0-1%5C%2Fcp0%5C%2Fp50x50%5C%2F50517201_1028374907362575_4927959962631536640_n.jpg%3F_nc_cat%3D106%26_nc_sid%3Ddbb9e7%26_nc_ohc%3DFumIkrf-J8UAX891-Nm%26_nc_ht%3Dscontent.xx%26oh%3Ded9fe5ed8dca5c88765b7717f8e18622%26oe%3D5E926FB9%22%2C%22width%22%3A50%7D%7D%7D%2C%22bubbleIcon%22%3A%22fb-chat%22%2C%22bubbleText%22%3A%22Chatear%20con%20mis%20amigos%20EMAPA%20EP%20Daule%22%2C%22picture%22%3A%22facebook%22%2C%22pictureLibrary%22%3A%7B%22photo%22%3A%22%22%7D%2C%22pictureCustom%22%3A%22%22%2C%22name%22%3A%22Emapa%20EP%20Daule%22%2C%22nameCaptionType%22%3A%22custom%22%2C%22nameCaptionReplyTime%22%3A%22Typically%20replies%20within%20a%20day%22%2C%22nameCaptionCustom%22%3A%22%5Cu00a1Somos%20tus%20amigos%21%22%2C%22welcomeMessage%22%3A%22Hola%21%21%20%5Cud83d%5Cudc4b%3Cbr%3E%5Cu00bfC%5Cu00f3mo%20podemos%20ayudarte%3F%22%2C%22buttonText%22%3A%22Enviar%20mensaje%20a%20mis%20amigos%20EMAPA%22%2C%22buttonIconVisible%22%3Atrue%2C%22position%22%3A%22floating%22%2C%22align%22%3A%22right%22%2C%22whereToDisplayChat%22%3A%22allPages%22%2C%22excludedPages%22%3A%5B%5D%2C%22specificPages%22%3A%5B%5D%2C%22devicesToDisplay%22%3A%5B%22mobile%22%2C%22desktop%22%5D%2C%22showChatTo%22%3A%22allVisitors%22%2C%22displayDays%22%3A%5B0%2C1%2C2%2C3%2C4%2C5%2C6%5D%2C%22timeSchedule%22%3Afalse%2C%22displayStartTime%22%3A%2200%3A00%22%2C%22displayEndTime%22%3A%2200%3A00%22%2C%22timeOnPage%22%3A0%2C%22timeOnSite%22%3A0%2C%22scrollPosition%22%3A0%2C%22exiIntent%22%3Afalse%2C%22notifications%22%3A%5B%22bubbleBadge%22%2C%22tabTitle%22%5D%2C%22bubbleBackgroundColor%22%3A%22rgb%28255%2C%20255%2C%20255%29%22%2C%22bubbleIconColor%22%3A%22rgb%280%2C%20132%2C%20255%29%22%2C%22headerBackgroundColor%22%3A%22rgb%28250%2C%20250%2C%20250%29%22%2C%22buttonColor%22%3A%22rgb%280%2C%20132%2C%20255%29%22%2C%22buttonBorderRadius%22%3A8%2C%22widgetId%22%3A%221%22%7D\" \n                data-elfsight-facebook-chat-version=\"1.1.0\"\n                data-elfsight-widget-id=\"elfsight-facebook-chat-1\">\n            <\/div>\n            [rev_slider_vc alias=&#8221;home2-slider&#8221;][\/vc_column][\/vc_row][vc_row][vc_column width=&#8221;1\/3&#8243;][vc_single_image image=&#8221;2302&#8243; alignment=&#8221;center&#8221;][vc_btn title=&#8221;Factura Electr\u00f3nica&#8221; align=&#8221;center&#8221; link=&#8221;url:http%3A%2F%2F186.101.112.226%3A83%2FAqua%2Fportal%2Findex.php|title:Factura%20en%20l%C3%ADnea|target:%20_blank|&#8221;][\/vc_column][vc_column width=&#8221;1\/3&#8243;][vc_single_image image=&#8221;2303&#8243; alignment=&#8221;center&#8221;][vc_btn title=&#8221;Notificaci\u00f3n de Pago&#8221; align=&#8221;center&#8221; link=&#8221;url:http%3A%2F%2F186.101.112.226%3A83%2FAqua%2Fweb%2FfBuscarClienteCuenta.php|title:Estado%20de%20Cuenta|target:%20_blank|&#8221;][\/vc_column][vc_column width=&#8221;1\/3&#8243;][vc_single_image image=&#8221;2304&#8243; alignment=&#8221;center&#8221;][vc_btn title=&#8221;Cont\u00e1ctanos&#8221; align=&#8221;center&#8221; link=&#8221;url:http%3A%2F%2Fbit.ly%2F2RTSlo1|title:Whatsapp|target:%20_blank|&#8221;][\/vc_column][\/vc_row][vc_row][vc_column]<div class=\"heading-title style6 \"><div class=\"heading-title-inner\"><h3><span>Noticias<\/span><\/h3><\/div><\/div><div class=\"posts-carousel style1\" data-col=\"3\"><div class=\"group row\"><div class=\"item-col col-12 col-md-4 \"><div class=\"post-wrapper\"><div class=\"post-thumb\"><a href=\"https:\/\/www.emapadaule.gob.ec\/web\/reforma-ordenanza-prestacion-servicios-publicos\/\"><img loading=\"lazy\" decoding=\"async\" width=\"700\" height=\"566\" src=\"https:\/\/www.emapadaule.gob.ec\/web\/wp-content\/uploads\/2020\/03\/WebsiteImagen-700x566.jpg\" class=\"attachment-ginza-post-thumb size-ginza-post-thumb wp-post-image\" alt=\"\" \/><\/a><\/div><div class=\"post-info\"><h3 class=\"post-title\"><a href=\"https:\/\/www.emapadaule.gob.ec\/web\/reforma-ordenanza-prestacion-servicios-publicos\/\">Reforma a la ordenanza que regula la prestaci\u00f3n de servicios p\u00fablicos de agua potable y alcantarillado de Daule<\/a><\/h3><div class=\"post-meta\"><p class=\"post-author\">By <a href=\"https:\/\/www.emapadaule.gob.ec\/web\/author\/comercializacion\/\">comercializacion <\/a><\/p><div class=\"post-date\">2 agosto, 2024<\/div><div class=\"post-category\">in <a href=\"https:\/\/www.emapadaule.gob.ec\/web\/category\/noticias\/\" rel=\"category tag\">Noticias<\/a><\/div><p class=\"post-comment\"><\/p><\/div><div class=\"post-excerpt\"><p>EMAPA EP Daule realiz\u00f3 la primera socializaci\u00f3n de la reforma a la ordenanza que regula la prestaci\u00f3n de<\/p>\n<\/div><a class=\"readmore\" href=\"https:\/\/www.emapadaule.gob.ec\/web\/reforma-ordenanza-prestacion-servicios-publicos\/\"><span>Leer m\u00e1s<\/span><\/a><\/div><\/div><\/div><div class=\"item-col col-12 col-md-4 \"><div class=\"post-wrapper\"><div class=\"post-thumb\"><a href=\"https:\/\/www.emapadaule.gob.ec\/web\/dia-mundial-del-agua-2023-acelerar-el-cambio\/\"><img loading=\"lazy\" decoding=\"async\" width=\"700\" height=\"600\" src=\"https:\/\/www.emapadaule.gob.ec\/web\/wp-content\/uploads\/2023\/03\/WWD-2023-thematic-logos_SPA-01-700x600.png\" class=\"attachment-ginza-post-thumb size-ginza-post-thumb wp-post-image\" alt=\"\" \/><\/a><\/div><div class=\"post-info\"><h3 class=\"post-title\"><a href=\"https:\/\/www.emapadaule.gob.ec\/web\/dia-mundial-del-agua-2023-acelerar-el-cambio\/\">DIA MUNDIAL DEL AGUA &#8220;2023 ACELERAR EL CAMBIO&#8221;<\/a><\/h3><div class=\"post-meta\"><p class=\"post-author\">By <a href=\"https:\/\/www.emapadaule.gob.ec\/web\/author\/comercializacion\/\">comercializacion <\/a><\/p><div class=\"post-date\">2 marzo, 2023<\/div><div class=\"post-category\">in <a href=\"https:\/\/www.emapadaule.gob.ec\/web\/category\/ahorro_agua\/\" rel=\"category tag\">Ahorro de agua<\/a>,<a href=\"https:\/\/www.emapadaule.gob.ec\/web\/category\/beneficios\/\" rel=\"category tag\">Beneficios<\/a>,<a href=\"https:\/\/www.emapadaule.gob.ec\/web\/category\/noticias\/\" rel=\"category tag\">Noticias<\/a><\/div><p class=\"post-comment\"><\/p><\/div><div class=\"post-excerpt\"><p>El D\u00eda Mundial del Agua es una oportunidad \u00fanica en la vida para unirnos en favor del agua y<\/p>\n<\/div><a class=\"readmore\" href=\"https:\/\/www.emapadaule.gob.ec\/web\/dia-mundial-del-agua-2023-acelerar-el-cambio\/\"><span>Leer m\u00e1s<\/span><\/a><\/div><\/div><\/div><div class=\"item-col col-12 col-md-4 \"><div class=\"post-wrapper\"><div class=\"post-thumb\"><a href=\"https:\/\/www.emapadaule.gob.ec\/web\/emapa-ep-celebra-su-segundo-simposio-aguas-subterraneas-haciendo-visible-lo-invisible\/\"><img loading=\"lazy\" decoding=\"async\" width=\"700\" height=\"600\" src=\"https:\/\/www.emapadaule.gob.ec\/web\/wp-content\/uploads\/2022\/03\/dia_mundial_agua_2_simposio_cuted_margin-700x600.png\" class=\"attachment-ginza-post-thumb size-ginza-post-thumb wp-post-image\" alt=\"\" \/><\/a><\/div><div class=\"post-info\"><h3 class=\"post-title\"><a href=\"https:\/\/www.emapadaule.gob.ec\/web\/emapa-ep-celebra-su-segundo-simposio-aguas-subterraneas-haciendo-visible-lo-invisible\/\">EMAPA EP celebra su Segundo Simposio, &#8220;AGUAS SUBTERR\u00c1NEAS, HACIENDO VISIBLE LO INVISIBLE&#8221;<\/a><\/h3><div class=\"post-meta\"><p class=\"post-author\">By <a href=\"https:\/\/www.emapadaule.gob.ec\/web\/author\/comercializacion\/\">comercializacion <\/a><\/p><div class=\"post-date\">21 marzo, 2022<\/div><div class=\"post-category\">in <a href=\"https:\/\/www.emapadaule.gob.ec\/web\/category\/beneficios\/\" rel=\"category tag\">Beneficios<\/a>,<a href=\"https:\/\/www.emapadaule.gob.ec\/web\/category\/noticias\/\" rel=\"category tag\">Noticias<\/a><\/div><p class=\"post-comment\"><\/p><\/div><div class=\"post-excerpt\"><p><strong>\u00bfQU\u00c9 ES EL D\u00cdA MUNDIAL DEL AGUA ?<\/strong> El D\u00eda Mundial del Agua es el 22 de<\/p>\n<\/div><a class=\"readmore\" href=\"https:\/\/www.emapadaule.gob.ec\/web\/emapa-ep-celebra-su-segundo-simposio-aguas-subterraneas-haciendo-visible-lo-invisible\/\"><span>Leer m\u00e1s<\/span><\/a><\/div><\/div><\/div><\/div><\/div>[\/vc_column][\/vc_row][vc_row][vc_column][vc_separator][\/vc_column][\/vc_row][vc_row][vc_column]<div class=\"heading-title style7 \"><div class=\"heading-title-inner\"><h3><span>Nuestros Servicios<\/span><\/h3><p>Conoce todos los servicios que brindamos en Emapa EP Daule<\/p><\/div><\/div><div class=\"posts-carousel style1\" data-col=\"3\"><div class=\"group row\"><div class=\"item-col col-12 col-md-4 \"><div class=\"post-wrapper\"><div class=\"post-thumb\"><a href=\"https:\/\/www.emapadaule.gob.ec\/web\/daule-se-levanta-emapa-ep-regresa-trabajamos-por-tu-bienestar-y-el-de-tu-familia\/\"><img loading=\"lazy\" decoding=\"async\" width=\"700\" height=\"566\" src=\"https:\/\/www.emapadaule.gob.ec\/web\/wp-content\/uploads\/2020\/05\/Regresamos-700x566.jpg\" class=\"attachment-ginza-post-thumb size-ginza-post-thumb wp-post-image\" alt=\"\" \/><\/a><\/div><div class=\"post-info\"><h3 class=\"post-title\"><a href=\"https:\/\/www.emapadaule.gob.ec\/web\/daule-se-levanta-emapa-ep-regresa-trabajamos-por-tu-bienestar-y-el-de-tu-familia\/\">DAULE SE LEVANTA ,  EMAPA EP regresa, trabajamos por tu bienestar y el de tu familia.<\/a><\/h3><div class=\"post-meta\"><p class=\"post-author\">By <a href=\"https:\/\/www.emapadaule.gob.ec\/web\/author\/comercializacion\/\">comercializacion <\/a><\/p><div class=\"post-date\">12 mayo, 2020<\/div><div class=\"post-category\">in <a href=\"https:\/\/www.emapadaule.gob.ec\/web\/category\/servicios\/pagos\/\" rel=\"category tag\">Pagos<\/a>,<a href=\"https:\/\/www.emapadaule.gob.ec\/web\/category\/servicios\/\" rel=\"category tag\">Servicios<\/a><\/div><p class=\"post-comment\"><\/p><\/div><div class=\"post-excerpt\"><p> Estimados daule\u00f1os reanudamos nuestros trabajos en las oficinas del Centro Comercial Yanco de 08h00 \u2013 14h00Somos parte de este nuevo<\/p>\n<\/div><a class=\"readmore\" href=\"https:\/\/www.emapadaule.gob.ec\/web\/daule-se-levanta-emapa-ep-regresa-trabajamos-por-tu-bienestar-y-el-de-tu-familia\/\"><span>Leer m\u00e1s<\/span><\/a><\/div><\/div><\/div><div class=\"item-col col-12 col-md-4 \"><div class=\"post-wrapper\"><div class=\"post-thumb\"><a href=\"https:\/\/www.emapadaule.gob.ec\/web\/deseo-ser-avisado-antes-de-los-cortes-en-mi-sector\/\"><img loading=\"lazy\" decoding=\"async\" width=\"700\" height=\"566\" src=\"https:\/\/www.emapadaule.gob.ec\/web\/wp-content\/uploads\/2020\/03\/WebsiteImagen_2-700x566.jpg\" class=\"attachment-ginza-post-thumb size-ginza-post-thumb wp-post-image\" alt=\"\" \/><\/a><\/div><div class=\"post-info\"><h3 class=\"post-title\"><a href=\"https:\/\/www.emapadaule.gob.ec\/web\/deseo-ser-avisado-antes-de-los-cortes-en-mi-sector\/\">Deseo ser avisado antes de los cortes en mi sector<\/a><\/h3><div class=\"post-meta\"><p class=\"post-author\">By <a href=\"https:\/\/www.emapadaule.gob.ec\/web\/author\/sherrera\/\">sherrera <\/a><\/p><div class=\"post-date\">2 marzo, 2020<\/div><div class=\"post-category\">in <a href=\"https:\/\/www.emapadaule.gob.ec\/web\/category\/servicios\/\" rel=\"category tag\">Servicios<\/a><\/div><p class=\"post-comment\"><a href=\"https:\/\/www.emapadaule.gob.ec\/web\/deseo-ser-avisado-antes-de-los-cortes-en-mi-sector\/#respond\"><span>0<\/span> comments<\/a><\/p><\/div><div class=\"post-excerpt\"><p>Si usted desea ser avisado a trav\u00e9s de mensajes SMS o Whatsapp antes de que se realicen los cortes<\/p>\n<\/div><a class=\"readmore\" href=\"https:\/\/www.emapadaule.gob.ec\/web\/deseo-ser-avisado-antes-de-los-cortes-en-mi-sector\/\"><span>Leer m\u00e1s<\/span><\/a><\/div><\/div><\/div><div class=\"item-col col-12 col-md-4 \"><div class=\"post-wrapper\"><div class=\"post-thumb\"><a href=\"https:\/\/www.emapadaule.gob.ec\/web\/ordenanza-que-regula-la-prestacion-de-servicios-publicos-de-agua-potable-y-alcantarillado-del-canton-daule\/\"><img loading=\"lazy\" decoding=\"async\" width=\"700\" height=\"566\" src=\"https:\/\/www.emapadaule.gob.ec\/web\/wp-content\/uploads\/2020\/03\/WebsiteImagen-700x566.jpg\" class=\"attachment-ginza-post-thumb size-ginza-post-thumb wp-post-image\" alt=\"\" \/><\/a><\/div><div class=\"post-info\"><h3 class=\"post-title\"><a href=\"https:\/\/www.emapadaule.gob.ec\/web\/ordenanza-que-regula-la-prestacion-de-servicios-publicos-de-agua-potable-y-alcantarillado-del-canton-daule\/\">Ordenanza que regula la prestaci\u00f3n de servicios p\u00fablicos de agua potable y alcantarillado del cant\u00f3n Daule<\/a><\/h3><div class=\"post-meta\"><p class=\"post-author\">By <a href=\"https:\/\/www.emapadaule.gob.ec\/web\/author\/sherrera\/\">sherrera <\/a><\/p><div class=\"post-date\">2 marzo, 2020<\/div><div class=\"post-category\">in <a href=\"https:\/\/www.emapadaule.gob.ec\/web\/category\/servicios\/\" rel=\"category tag\">Servicios<\/a><\/div><p class=\"post-comment\"><\/p><\/div><div class=\"post-excerpt\"><p>Conocer sobre las ordenanzas te permitir\u00e1 entender mucho mejor tus derechos, y saber cuales son tus responsabilidades.<\/p>\n<p><a href=\"http\n<\/p>\n<\/div><a class=\"readmore\" href=\"https:\/\/www.emapadaule.gob.ec\/web\/ordenanza-que-regula-la-prestacion-de-servicios-publicos-de-agua-potable-y-alcantarillado-del-canton-daule\/\"><span>Leer m\u00e1s<\/span><\/a><\/div><\/div><\/div><\/div><\/div>[\/vc_column][\/vc_row][vc_row][vc_column][vc_separator][\/vc_column][\/vc_row][vc_row][vc_column width=&#8221;1\/4&#8243;][vc_video link=&#8221;https:\/\/www.youtube.com\/watch?v=NeWOBxFp9QU&#8221; title=&#8221;\u00bfC\u00f3mo realiza la toma de lectura en un medidor?&#8221;][\/vc_column][vc_column width=&#8221;1\/4&#8243;][vc_video link=&#8221;https:\/\/www.youtube.com\/watch?v=Z-hYiTXQcFI&#8221; title=&#8221;Puntos de pago de EMAPA EP Daule&#8221;][\/vc_column][vc_column width=&#8221;1\/4&#8243;][vc_video link=&#8221;https:\/\/www.youtube.com\/watch?v=smBY_z4POGU&#8221; title=&#8221;\u00bfC\u00f3mo identificar fugas internas?&#8221;][\/vc_column][vc_column width=&#8221;1\/4&#8243;][vc_video link=&#8221;https:\/\/www.youtube.com\/watch?v=_VCkd90ruBs&#8221; title=&#8221;Depuraci\u00f3n de cartera vencida&#8221;][\/vc_column][\/vc_row][vc_row][vc_column][vc_separator][\/vc_column][\/vc_row][vc_row full_width=&#8221;stretch_row&#8221; el_class=&#8221;banner-fullwidth&#8221;][vc_column width=&#8221;1\/2&#8243;]<div class=\"roadthemes-static-1 style2\"><div class=\"static-image\"><img decoding=\"async\" src=\"https:\/\/www.emapadaule.gob.ec\/web\/wp-content\/uploads\/2019\/08\/bannerHome2.jpg\" alt=\"Static image\"\/><\/div><div class=\"static-content\"><div class=\"static-title\"><h3>Conoce el gran proyecto de<\/h3><\/div><div class = \"static-text\">\n<h3>Sectorizaci\u00f3n<\/h3>\n<h3>Hidr\u00e1ulica<\/h3>\n<\/div><div class=\"static-link\"><a href=\" http:\/\/www.emapadaule.gob.ec\/web\/2019\/09\/30\/sectorizacion-hidraulica-es-lo-que-daule-necesita\/ \"> Leer m\u00e1s<\/a><\/div><\/div><\/div>[\/vc_column][vc_column width=&#8221;1\/2&#8243;]<div class=\"roadthemes-static-1 style2\"><div class=\"static-image\"><img decoding=\"async\" src=\"https:\/\/www.emapadaule.gob.ec\/web\/wp-content\/uploads\/2019\/09\/bannerHome1.jpg\" alt=\"Static image\"\/><\/div><div class=\"static-content\"><div class=\"static-title\"><h3>Mucha atenci\u00f3n<\/h3><\/div><div class = \"static-text\">\n<h4>Visita nuestra planta<\/h4>\n<h3>Realidad Virtual<\/h3>\n<\/div><div class=\"static-link\"><a href=\" http:\/\/www.emapadaule.gob.ec\/web\/rv\/ \"> Ver m\u00e1s informaci\u00f3n<\/a><\/div><\/div><\/div>[\/vc_column][\/vc_row]\n","protected":false},"excerpt":{"rendered":"<p>[vc_row full_width=&#8221;stretch_row_content_no_spaces&#8221; el_class=&#8221;fix-bottom-space&#8221;][vc_column][rev_slider_vc alias=&#8221;home2-slider&#8221;][\/vc_column][\/vc_row][vc_row][vc_column width=&#8221;1\/3&#8243;][vc_single_image image=&#8221;2302&#8243; alignment=&#8221;center&#8221;][vc_btn title=&#8221;Factura Electr\u00f3nica&#8221; align=&#8221;center&#8221; link=&#8221;url:http%3A%2F%2F186.101.112.226%3A83%2FAqua%2Fportal%2Findex.php|title:Factura%20en%20l%C3%ADnea|target:%20_blank|&#8221;][\/vc_column][vc_column width=&#8221;1\/3&#8243;][vc_single_image image=&#8221;2303&#8243; alignment=&#8221;center&#8221;][vc_btn title=&#8221;Notificaci\u00f3n de Pago&#8221; align=&#8221;center&#8221; link=&#8221;url:http%3A%2F%2F186.101.112.226%3A83%2FAqua%2Fweb%2FfBuscarClienteCuenta.php|title:Estado%20de%20Cuenta|target:%20_blank|&#8221;][\/vc_column][vc_column width=&#8221;1\/3&#8243;][vc_single_image image=&#8221;2304&#8243; alignment=&#8221;center&#8221;][vc_btn title=&#8221;Cont\u00e1ctanos&#8221; align=&#8221;center&#8221; link=&#8221;url:http%3A%2F%2Fbit.ly%2F2RTSlo1|title:Whatsapp|target:%20_blank|&#8221;][\/vc_column][\/vc_row][vc_row][vc_column][\/vc_column][\/vc_row][vc_row][vc_column][vc_separator][\/vc_column][\/vc_row][vc_row][vc_column][\/vc_column][\/vc_row][vc_row][vc_column][vc_separator][\/vc_column][\/vc_row][vc_row][vc_column width=&#8221;1\/4&#8243;][vc_video link=&#8221;https:\/\/www.youtube.com\/watch?v=NeWOBxFp9QU&#8221; title=&#8221;\u00bfC\u00f3mo realiza la toma de lectura en un medidor?&#8221;][\/vc_column][vc_column width=&#8221;1\/4&#8243;][vc_video link=&#8221;https:\/\/www.youtube.com\/watch?v=Z-hYiTXQcFI&#8221; title=&#8221;Puntos de pago de EMAPA EP Daule&#8221;][\/vc_column][vc_column width=&#8221;1\/4&#8243;][vc_video link=&#8221;https:\/\/www.youtube.com\/watch?v=smBY_z4POGU&#8221; title=&#8221;\u00bfC\u00f3mo identificar fugas<\/p>\n","protected":false},"author":1,"featured_media":0,"parent":2033,"menu_order":0,"comment_status":"closed","ping_status":"closed","template":"page-templates\/demo2.php","meta":{"footnotes":""},"class_list":["post-970","page","type-page","status-publish","hentry"],"featured_image_src":null,"jetpack_sharing_enabled":true,"_links":{"self":[{"href":"https:\/\/www.emapadaule.gob.ec\/web\/wp-json\/wp\/v2\/pages\/970","targetHints":{"allow":["GET"]}}],"collection":[{"href":"https:\/\/www.emapadaule.gob.ec\/web\/wp-json\/wp\/v2\/pages"}],"about":[{"href":"https:\/\/www.emapadaule.gob.ec\/web\/wp-json\/wp\/v2\/types\/page"}],"author":[{"embeddable":true,"href":"https:\/\/www.emapadaule.gob.ec\/web\/wp-json\/wp\/v2\/users\/1"}],"replies":[{"embeddable":true,"href":"https:\/\/www.emapadaule.gob.ec\/web\/wp-json\/wp\/v2\/comments?post=970"}],"version-history":[{"count":56,"href":"https:\/\/www.emapadaule.gob.ec\/web\/wp-json\/wp\/v2\/pages\/970\/revisions"}],"predecessor-version":[{"id":2936,"href":"https:\/\/www.emapadaule.gob.ec\/web\/wp-json\/wp\/v2\/pages\/970\/revisions\/2936"}],"up":[{"embeddable":true,"href":"https:\/\/www.emapadaule.gob.ec\/web\/wp-json\/wp\/v2\/pages\/2033"}],"wp:attachment":[{"href":"https:\/\/www.emapadaule.gob.ec\/web\/wp-json\/wp\/v2\/media?parent=970"}],"curies":[{"name":"wp","href":"https:\/\/api.w.org\/{rel}","templated":true}]}}